{"id":2777,"date":"2021-10-18T11:04:44","date_gmt":"2021-10-18T09:04:44","guid":{"rendered":"https:\/\/disfrutaconil.com\/index.php\/politica-de-privacidad-2\/"},"modified":"2021-11-02T15:37:31","modified_gmt":"2021-11-02T14:37:31","slug":"politica-privacidad","status":"publish","type":"page","link":"https:\/\/www.disfrutaconil.com\/es\/politica-privacidad\/","title":{"rendered":"Pol\u00edtica de privacidad"},"content":{"rendered":"\n<p><strong>Informaci\u00f3n b\u00e1sica sobre Protecci\u00f3n de datos<\/strong><\/p>\n\n<p>Responsable: Jan Morgenstern<\/p>\n\n<p>Finalidad: Prestar servicios de alojamiento<\/p>\n\n<p>Legitimaci\u00f3n: Consentimiento de la persona interesada<\/p>\n\n<p>Destinatarios: No est\u00e1n previstas cesiones.<\/p>\n\n<p>Derechos: Tiene derecho a acceder, rectificar y suprimir los datos, as\u00ed como otros derechos, indicados en la informaci\u00f3n adicional (a continuaci\u00f3n).<\/p>\n\n<p>Procedencia: El propio interesado<\/p>\n\n<p><strong>Informaci\u00f3n completa sobre Protecci\u00f3n de Datos<\/strong><\/p>\n\n<p>1. \u00bfQui\u00e9n es el responsable del tratamiento de sus datos? Jan Morgenstern, con NIF: X7512894J y domicilio social en Avda. de la Libertad, 6, Casa 8, 11140 Conil (C\u00e1diz). Tel\u00e9fono: +34 621 295 090. Email: info@disfrutaconil.com<\/p>\n\n<p>2. \u00bfCon qu\u00e9 finalidad tratamos sus datos personales? Tratamos los datos personales que nos faciliten para atender sus solicitudes de reserva, gestionar los pedidos y su facturaci\u00f3n.<\/p>\n\n<p>3. \u00bfPor cu\u00e1nto tiempo conservaremos sus datos? Los datos se conservar\u00e1n, como m\u00ednimo cinco a\u00f1os contados desde la fecha del alta de cada proceso asistencial, seg\u00fan consta en la normativa estatal vigente en la materia (puede variar dependiendo de la legislaci\u00f3n auton\u00f3mica).<\/p>\n\n<p>4. \u00bfCu\u00e1l es la legitimaci\u00f3n para el tratamiento de sus datos? El consentimiento del interesado.<\/p>\n\n<p>5. \u00bfA qu\u00e9 destinatarios se comunicar\u00e1n sus datos? Guardia civil y pasarelas de pago STRIPE y PAYPAL.<\/p>\n\n<p>6. Transferencias de datos a terceros pa\u00edses: aquellos donde tienen su sede social las pasarelas de pago.<\/p>\n\n<p>7. \u00bfCu\u00e1les son sus derechos cuando nos facilita sus datos? Cualquier persona tiene derecho a obtener confirmaci\u00f3n sobre si en DISFRUTA CONIL estamos tratando, o no, datos personales que les conciernen. Las personas interesadas tienen derecho a acceder a sus datos personales, as\u00ed como a solicitar la rectificaci\u00f3n de los datos inexactos o, en su caso, solicitar su supresi\u00f3n cuando, entre otros motivos, los datos ya no sean necesarios para los fines que fueron recogidos. Igualmente tiene derecho a la portabilidad de sus datos. En determinadas circunstancias, los interesados podr\u00e1n solicitar la limitaci\u00f3n del tratamiento de sus datos, en cuyo caso \u00fanicamente los conservaremos para el ejercicio o la defensa de reclamaciones. En determinadas circunstancias y por motivos relacionados con su situaci\u00f3n particular, los interesados podr\u00e1n oponerse al tratamiento de sus datos. En este caso, DISFRUTA CONIL dejar\u00e1 de tratar los datos, salvo por motivos leg\u00edtimos imperiosos, o el ejercicio o la defensa de posibles reclamaciones. Si ha otorgado su consentimiento para alguna finalidad concreta, tiene derecho a retirar el consentimiento otorgado en cualquier momento, sin que ello afecte a la licitud del tratamiento basado en el consentimiento previo a su retirada. En caso de que sienta vulnerados sus derechos en lo concerniente a la protecci\u00f3n de sus datos personales, especialmente cuando no haya obtenido satisfacci\u00f3n en el ejercicio de sus derechos, puede presentar una reclamaci\u00f3n ante la Autoridad de Control en materia de Protecci\u00f3n de Datos competente a trav\u00e9s de su sitio web: www.agpd.es.<\/p>\n\n<p>8. \u00bfC\u00f3mo hemos obtenido sus datos? Los datos personales que tratamos en DISFRUTA CONIL son los que el propio interesado nos ha facilitado. Las categor\u00edas de datos que se tratan son:<\/p>\n\n<p>&#8211; Datos identificativos.<\/p>\n\n<p>&#8211; N\u00famero de tel\u00e9fono.<\/p>\n\n<p>&#8211; Direcci\u00f3n electr\u00f3nica.<\/p>\n\n<p>&#8211; Datos bancarios.<\/p>\n","protected":false},"excerpt":{"rendered":"<p>Informaci\u00f3n b\u00e1sica sobre Protecci\u00f3n de datos Responsable: Jan Morgenstern Finalidad: Prestar servicios de alojamiento Legitimaci\u00f3n: Consentimiento de la persona interesada Destinatarios: No est\u00e1n previstas cesiones. Derechos: Tiene derecho a acceder, rectificar y suprimir los datos, as\u00ed como otros derechos, indicados en la informaci\u00f3n adicional (a continuaci\u00f3n). Procedencia: El propio interesado Informaci\u00f3n completa sobre Protecci\u00f3n de &hellip; <a href=\"https:\/\/www.disfrutaconil.com\/es\/politica-privacidad\/\" class=\"more-link\">Continue reading<span class=\"screen-reader-text\"> &#8220;Pol\u00edtica de privacidad&#8221;<\/span><\/a><\/p>\n","protected":false},"author":2,"featured_media":0,"parent":0,"menu_order":0,"comment_status":"closed","ping_status":"closed","template":"","meta":{"inline_featured_image":false,"_monsterinsights_skip_tracking":false,"_monsterinsights_sitenote_active":false,"_monsterinsights_sitenote_note":"","_monsterinsights_sitenote_category":0},"aioseo_notices":[],"_links":{"self":[{"href":"https:\/\/www.disfrutaconil.com\/es\/wp-json\/wp\/v2\/pages\/2777"}],"collection":[{"href":"https:\/\/www.disfrutaconil.com\/es\/wp-json\/wp\/v2\/pages"}],"about":[{"href":"https:\/\/www.disfrutaconil.com\/es\/wp-json\/wp\/v2\/types\/page"}],"author":[{"embeddable":true,"href":"https:\/\/www.disfrutaconil.com\/es\/wp-json\/wp\/v2\/users\/2"}],"replies":[{"embeddable":true,"href":"https:\/\/www.disfrutaconil.com\/es\/wp-json\/wp\/v2\/comments?post=2777"}],"version-history":[{"count":2,"href":"https:\/\/www.disfrutaconil.com\/es\/wp-json\/wp\/v2\/pages\/2777\/revisions"}],"predecessor-version":[{"id":3187,"href":"https:\/\/www.disfrutaconil.com\/es\/wp-json\/wp\/v2\/pages\/2777\/revisions\/3187"}],"wp:attachment":[{"href":"https:\/\/www.disfrutaconil.com\/es\/wp-json\/wp\/v2\/media?parent=2777"}],"curies":[{"name":"wp","href":"https:\/\/api.w.org\/{rel}","templated":true}]}}