{"id":2746,"date":"2021-10-18T10:59:21","date_gmt":"2021-10-18T08:59:21","guid":{"rendered":"https:\/\/disfrutaconil.com\/index.php\/directrices-sobre-cookies\/"},"modified":"2021-10-19T12:13:10","modified_gmt":"2021-10-19T10:13:10","slug":"directrices-sobre-cookies","status":"publish","type":"page","link":"https:\/\/www.disfrutaconil.com\/es\/directrices-sobre-cookies\/","title":{"rendered":"Directrices sobre cookies"},"content":{"rendered":"\n<p><strong>POL\u00cdTICA DE COOKIES<\/strong><\/p>\n\n<p><strong>QU\u00c9 SON LAS COOKIES<\/strong><\/p>\n\n<p>Una cookie es un fichero que se descarga en el ordenador personal\/tel\u00e9fono m\u00f3vil\/tablet del usuario al acceder a determinadas p\u00e1ginas web para almacenar y recuperar informaci\u00f3n sobre la navegaci\u00f3n que se efect\u00faa desde dicho equipo. Sus funciones pueden ser muy variadas: almacenar tus preferencias de navegaci\u00f3n, recopilar informaci\u00f3n estad\u00edstica, permitir ciertas funcionalidades t\u00e9cnicas&#8230; En ocasiones, las cookies se utilizan para almacenar informaci\u00f3n b\u00e1sica sobre los h\u00e1bitos de navegaci\u00f3n del usuario o de su equipo, hasta el punto, seg\u00fan los casos, de poder reconocerlo. EL PROPIETARIO DE LA WEB tiene la obligaci\u00f3n por el Real Decreto-ley 13\/2012 que modifica la Ley 34\/2002, de 11 de julio, de servicios de la sociedad de la informaci\u00f3n y de comercio electr\u00f3nico, de informar y obtener el consentimiento del Usuario acerca del uso de las cookies en este Sitio Web.<\/p>\n\n<p><strong>\u00bfDEBO PERMITIR LAS COOKIES?<\/strong><\/p>\n\n<p>Al permitir las cookies, podr\u00e1s obtener una mejor experiencia en nuestro sitio web.<\/p>\n\n<p>Las cookies son \u00fatiles por varios motivos. Hay algunas acciones b\u00e1sicas que requieren cookies, tales como el acceso al \u00e1rea de clientes o realizar una compra o el acceso a determinados servicios. Desde un punto de vista t\u00e9cnico, permiten que las p\u00e1ginas web funcionen de forma m\u00e1s \u00e1gil y adaptada a tus preferencias, como por ejemplo almacenar tu idioma o la moneda de tu pa\u00eds. Adem\u00e1s, ayudan a los responsables de los sitios web a mejorar sus servicios, gracias a la informaci\u00f3n estad\u00edstica que recogen a trav\u00e9s de ellas. Finalmente, sirven para hacer m\u00e1s eficiente la publicidad que te mostramos, gracias a la cual te podemos ofrecer nuestros servicios de forma gratuita.<\/p>\n\n<p><strong>\u00bfQU\u00c9 PASA SI BLOQUEO LAS COOKIES?<\/strong><\/p>\n\n<p>Si decides bloquear las cookies, puede impedir el correcto funcionamiento de algunas caracter\u00edsticas de la web. Esto restringir\u00e1 lo que puedes hacer en nuestra web.<\/p>\n\n<p>Si aceptas estas limitaciones y decides bloquear las cookies, por favor sigue las instrucciones para tu navegador reflejadas en la \u00faltima secci\u00f3n.<\/p>\n\n<p><strong>TIPOS DE COOKIES<\/strong><\/p>\n\n<p>\u2013 Cookies propias: Son aquellas que enviamos a tu ordenador o terminal desde nuestra p\u00e1gina web.<\/p>\n\n<p>\u2013 Cookies de terceros: Son aquellas que se env\u00edan a tu ordenador o terminal desde un dominio o una pagina web que no es gestionada por nosotros, sino por otra entidad que trata los datos obtenidos trav\u00e9s de las cookies.<\/p>\n\n<p>\u2013 Cookies de sesi\u00f3n: Son un tipo de cookies dise\u00f1adas para recabar y almacenar datos mientras accedes a nuestra web.<\/p>\n\n<p>\u2013 Cookies persistentes: Son un tipo de cookies en el que los datos siguen almacenados en el terminal y pueden ser accedidos y tratados durante un periodo determinado de tiempo, y que puede ir de unos minutos a varios a\u00f1os.<\/p>\n\n<p>\u2013 Cookies de an\u00e1lisis: Son aquellas que bien tratadas por nosotros o por terceros, nos permiten cuantificar el n\u00famero de usuarios y realizar la medici\u00f3n y an\u00e1lisis estad\u00edstico de la utilizaci\u00f3n que hacen los usuarios de nuestra web. Para ello analizamos la navegaci\u00f3n en nuestra p\u00e1gina web con el fin de mejorar la oferta de productos o servicios que ofrecemos.<\/p>\n\n<p><strong>COOKIES UTILIZADAS EN ESTE SITIO WEB<\/strong><\/p>\n\n<p>A continuaci\u00f3n se identifican las cookies que est\u00e1n siendo utilizadas en este Sitio Web as\u00ed como <\/p>\n\n<p>su tipolog\u00eda y funci\u00f3n.<\/p>\n\n<p>EL PROPIETARIO DE LA WEB utiliza Google Analytics, un servicio de anal\u00edtica web desarrollada por Google, que permite la medici\u00f3n y an\u00e1lisis de la navegaci\u00f3n en las p\u00e1ginas web. En su navegador podr\u00e1 observar 4 cookies de este servicio (__utma, __utmb, __utmc, y __utmz). Seg\u00fan la tipolog\u00eda anterior se trata de cookies propias, de sesi\u00f3n y de an\u00e1lisis. Puede encontrar m\u00e1s informaci\u00f3n al respecto e inhabilitar el uso de estas cookies pulsando aqu\u00ed.<\/p>\n\n<p>A trav\u00e9s de la anal\u00edtica web no se obtiene informaci\u00f3n sobre los datos personales de los Usuarios, garantizando la tutela de su privacidad. La informaci\u00f3n que se obtiene es la relativa al n\u00famero de usuarios que acceden a la web, el n\u00famero de p\u00e1ginas vistas, la frecuencia y repetici\u00f3n de las visitas, su duraci\u00f3n, el navegador utilizado, el operador que presta el servicio, el idioma, el terminal que utiliza, o la ciudad a la que est\u00e1 asignada su direcci\u00f3n IP. Informaci\u00f3n que posibilita un mejor y m\u00e1s apropiado servicio por parte de este Sitio Web.<\/p>\n\n<p><strong>\u00bfCOMO PUEDO BLOQUEAR O PERMITIR LAS COOKIES?<\/strong><\/p>\n\n<p>La mayor\u00eda de los navegadores est\u00e1n configurados de forma predeterminada para aceptar cookies, pero puedes cambiar la configuraci\u00f3n para bloquear algunas o todas las cookies, si lo prefieres. Si no te gusta c\u00f3mo esto afecta a su experiencia online, es igual de f\u00e1cil de cambiar las cosas de nuevo.<\/p>\n\n<p>Para m\u00e1s informaci\u00f3n sobre Internet Explorer Microsoft Internet Explorer 6\/7\/8 (Windows XP\/Vista)<\/p>\n\n<ol><li>1. W\u00e4hlen Sie im Men\u00fc Extras und dann Internetoptionen.<\/li><li>2. Haga clic en la pesta\u00f1a de Privacidad.<\/li><li>3. Elija los ajustes que desea.<\/li><li>4. Haga clic en OK.<\/li><\/ol>\n\n<p>Microsoft Internet Explorer 8\/9 (Windows 7)<\/p>\n\n<p>1. Haga clic en el icono Configuraci\u00f3n (arriba a la derecha) <\/p>\n\n<p>2. Klicken Sie auf Internetoptionen.<\/p>\n\n<p>3. Haga clic en Privacidad y seleccione sus opciones. <\/p>\n\n<p>4. Haga clic en Aplicar y luego en OK<\/p>\n\n<p>Para m\u00e1s informaci\u00f3n sobre Mozilla firefox<\/p>\n\n<p>1. Seleccione Herramientas en el men\u00fa, y luego Opciones. <\/p>\n\n<p>2. Haga clic en la pesta\u00f1a de Privacidad.<\/p>\n\n<p>3. Elija los ajustes que desea.<\/p>\n\n<p>4. Haga clic en OK.<\/p>\n\n<p>Para m\u00e1s informaci\u00f3n sobre Google Chrome<\/p>\n\n<p>1. Haga clic en el men\u00fa de Chrome situado en la barra de herramientas del navegador. <\/p>\n\n<p>2. Selecciona Configuraci\u00f3n.<\/p>\n\n<p>3. Haga clic en Mostrar opciones avanzadas.<\/p>\n\n<p>4. En la secci\u00f3n Privacidad, haz clic en el bot\u00f3n Configuraci\u00f3n de contenido.<\/p>\n\n<p>5. Elija los ajustes que desea. <\/p>\n\n<p>6. Haga clic en X parar cerrar.<\/p>\n\n<p>Para m\u00e1s informaci\u00f3n sobre Navegador IOS<\/p>\n\n<p>1. Desde la pantalla de inicio, seleccione Configuraci\u00f3n. <\/p>\n\n<p>2. Seleccione Safari.<\/p>\n\n<p>3. Haga clic en Aceptar Cookies.<\/p>\n\n<p>4. Elija la configuraci\u00f3n que prefiera.<\/p>\n\n<p>Para m\u00e1s informaci\u00f3n sobre Android<\/p>\n\n<ol><li>1. Inicie la aplicaci\u00f3n de navegador.<\/li><\/ol>\n\n<p>2. Haga clic en el bot\u00f3n Men\u00fa.<\/p>\n\n<p>3. Seleccione la opci\u00f3n M\u00e1s, a continuaci\u00f3n, en Configuraci\u00f3n. <\/p>\n\n<p>4. Marque o desmarque Aceptar cookies.<\/p>\n\n<p>Puedes obtener m\u00e1s informaci\u00f3n sobre nosotros a trav\u00e9s de nuestro aviso legal y nuestra pol\u00edtica de privacidad.<\/p>\n","protected":false},"excerpt":{"rendered":"<p>POL\u00cdTICA DE COOKIES QU\u00c9 SON LAS COOKIES Una cookie es un fichero que se descarga en el ordenador personal\/tel\u00e9fono m\u00f3vil\/tablet del usuario al acceder a determinadas p\u00e1ginas web para almacenar y recuperar informaci\u00f3n sobre la navegaci\u00f3n que se efect\u00faa desde dicho equipo. Sus funciones pueden ser muy variadas: almacenar tus preferencias de navegaci\u00f3n, recopilar informaci\u00f3n &hellip; <a href=\"https:\/\/www.disfrutaconil.com\/es\/directrices-sobre-cookies\/\" class=\"more-link\">Continue reading<span class=\"screen-reader-text\"> &#8220;Directrices sobre cookies&#8221;<\/span><\/a><\/p>\n","protected":false},"author":2,"featured_media":0,"parent":0,"menu_order":0,"comment_status":"closed","ping_status":"closed","template":"","meta":{"inline_featured_image":false,"_monsterinsights_skip_tracking":false,"_monsterinsights_sitenote_active":false,"_monsterinsights_sitenote_note":"","_monsterinsights_sitenote_category":0},"aioseo_notices":[],"_links":{"self":[{"href":"https:\/\/www.disfrutaconil.com\/es\/wp-json\/wp\/v2\/pages\/2746"}],"collection":[{"href":"https:\/\/www.disfrutaconil.com\/es\/wp-json\/wp\/v2\/pages"}],"about":[{"href":"https:\/\/www.disfrutaconil.com\/es\/wp-json\/wp\/v2\/types\/page"}],"author":[{"embeddable":true,"href":"https:\/\/www.disfrutaconil.com\/es\/wp-json\/wp\/v2\/users\/2"}],"replies":[{"embeddable":true,"href":"https:\/\/www.disfrutaconil.com\/es\/wp-json\/wp\/v2\/comments?post=2746"}],"version-history":[{"count":4,"href":"https:\/\/www.disfrutaconil.com\/es\/wp-json\/wp\/v2\/pages\/2746\/revisions"}],"predecessor-version":[{"id":2759,"href":"https:\/\/www.disfrutaconil.com\/es\/wp-json\/wp\/v2\/pages\/2746\/revisions\/2759"}],"wp:attachment":[{"href":"https:\/\/www.disfrutaconil.com\/es\/wp-json\/wp\/v2\/media?parent=2746"}],"curies":[{"name":"wp","href":"https:\/\/api.w.org\/{rel}","templated":true}]}}