{"id":2744,"date":"2021-10-06T10:08:33","date_gmt":"2021-10-06T08:08:33","guid":{"rendered":"https:\/\/disfrutaconil.com\/index.php\/agb\/"},"modified":"2022-04-19T11:49:01","modified_gmt":"2022-04-19T09:49:01","slug":"condiciones","status":"publish","type":"page","link":"https:\/\/www.disfrutaconil.com\/es\/condiciones\/","title":{"rendered":"Condiciones"},"content":{"rendered":"\n<p><\/p>\n\n<p><strong>Contratante<\/strong>:<\/p>\n\n<p>La actividad de Disfruta Conil es la mediaci\u00f3n de alojamientos vacacionales para los respectivos propietarios. La relaci\u00f3n contractual es siempre entre el propietario y el inquilino. El alojamiento se proporciona al inquilino exclusivamente para su uso durante el per\u00edodo de viaje reservado.<\/p>\n\n<p><strong>Condiciones de alquiler<\/strong>:<\/p>\n\n<p>Una vez recibida la confirmaci\u00f3n de la reserva por escrito del cliente, enviaremos una confirmaci\u00f3n de la reserva y toda la informaci\u00f3n necesaria en ese momento. Al recibir el dep\u00f3sito indicado en la confirmaci\u00f3n de la reserva, el contrato es v\u00e1lido y el cliente acepta as\u00ed las condiciones generales.<\/p>\n\n<p>El dep\u00f3sito del 25% del precio del alquiler debe pagarse a m\u00e1s tardar 7 d\u00edas despu\u00e9s de recibir la confirmaci\u00f3n de la reserva y el saldo del 75% del precio total debe pagarse 4 semanas antes de la llegada.<\/p>\n\n<p>Para las reservas con poca antelaci\u00f3n, menos de 4 semanas antes de la llegada, el precio total se paga inmediatamente.<\/p>\n\n<p>Los precios de alquiler incluyen todos los gastos adicionales como la limpieza final, la ropa de cama y las toallas (un juego por persona), la electricidad, el agua, el gas, los impuestos y las tasas. En los meses de invierno, de noviembre a marzo inclusive, los gastos de calefacci\u00f3n se facturan por separado.<\/p>\n\n<p>El dep\u00f3sito de seguridad debe pagarse por transferencia bancaria o en efectivo el d\u00eda de la llegada. El importe depende de cada alojamiento y se indica por separado en la confirmaci\u00f3n de la reserva (entre 100 y 600 euros). <\/p>\n\n<p><strong>Forma de pago<\/strong>:<\/p>\n\n<p>Los pagos pueden realizarse mediante transferencia bancaria a la siguiente cuenta bancaria o con tarjeta de cr\u00e9dito.<\/p>\n\n<p>Unicaja Conil:<\/p>\n\n<p>Titular de la cuenta: Jan Morgenstern<\/p>\n\n<p>IBAN: ES21 2103 4004 4500 3001 6212<\/p>\n\n<p>BIC: UCJAES2MXXX<\/p>\n\n<p>En el caso de los pagos con tarjeta de cr\u00e9dito (Visa o Mastercard, con un recargo del 1,5%), recibir\u00e1 un enlace nuestro al portal de pagos Stripe, a trav\u00e9s del cual podr\u00e1 realizar el pago.<\/p>\n\n<p><strong>Condiciones de cancelaci\u00f3n<\/strong>:<\/p>\n\n<p>Por supuesto, el inquilino puede renunciar a su reserva. En este caso, sin embargo, hay que pagar una tasa de cancelaci\u00f3n. <\/p>\n\n<p>Hasta 61 d\u00edas antes de la llegada 25% del importe total<\/p>\n\n<p>De 60 a 31 d\u00edas antes de la llegada 50% del importe total<\/p>\n\n<p>De 30 a 15 d\u00edas antes de la llegada 80% del importe total<\/p>\n\n<p>A partir de 14 d\u00edas antes de la llegada, el 95% del importe total<\/p>\n\n<p>Disfruta Conil recomienda contratar un seguro de anulaci\u00f3n de viaje.<\/p>\n\n<p>No hay derecho a reembolso en caso de llegada tard\u00eda, salida anticipada o no utilizaci\u00f3n de los servicios.<\/p>\n\n<p><strong>Obligaciones del inquilino<\/strong>:<\/p>\n\n<p>&#8211; El alojamiento debe dejarse de la siguiente manera el d\u00eda de la salida: Hay que lavar la vajilla, tirar la basura y pedimos a nuestros clientes que dejen el alojamiento barrido.<\/p>\n\n<p>Si no es as\u00ed cuando llegan los equipos de limpieza, Disfruta Conil, en nombre de los propietarios, tiene derecho a cobrar al inquilino el trabajo extra de limpieza.<\/p>\n\n<ul><li>El inquilino tiene la obligaci\u00f3n de tratar adecuadamente la vivienda alquilada. Cualquier da\u00f1o o defecto que se produzca debe ser comunicado inmediatamente a Disfruta Conil. La reparaci\u00f3n de los da\u00f1os o la eliminaci\u00f3n de los defectos debe ser aceptada por el inquilino durante su estancia.<\/li><li>Con vientos fuertes, los parasoles deben estar cerrados y los toldos recogidos. Los cojines y las almohadillas de los muebles de exterior deben ponerse en seco en caso de lluvia y en caso de que existan sistemas de riego.<\/li><\/ul>\n\n<p><strong>Resoluci\u00f3n del contrato por parte de Disfruta Conil o del arrendador, seg\u00fan el caso<\/strong>:<\/p>\n\n<p>Si, a pesar de ser advertido, el cliente se comporta de forma contraria al contrato, Disfruta Conil tiene derecho a rescindir el contrato en nombre del arrendador sin previo aviso y sin derecho a reembolso. Ejemplos son los siguientes:<\/p>\n\n<ul><li>Ocupaci\u00f3n de la casa con m\u00e1s personas de las anunciadas.<\/li><li>Llevar mascotas sin previo aviso. Los propietarios s\u00f3lo permiten mascotas en casos individuales.<\/li><li>Contaminaci\u00f3n ac\u00fastica extrema por parte de los clientes (no se permiten las fiestas ni las despedidas de soltero).<\/li><li>Da\u00f1os por negligencia grave en el alojamiento o en el inventario<\/li><\/ul>\n\n<p><strong>Cambios de reserva<\/strong>:<\/p>\n\n<p>Si el inquilino desea cambiar la reserva del alojamiento reservado y si esto es posible tras consultar con el propietario, podemos organizarlo en la mayor\u00eda de los casos sin costes adicionales. En casos individuales, se cobrar\u00e1 una tasa de cambio de reserva de 50 euros.<\/p>\n\n<p>Por lo general, no es posible cambiar la reserva a otro alojamiento sin costes adicionales. Por lo general, se tratan como una cancelaci\u00f3n del alojamiento originalmente reservado (ver condiciones de cancelaci\u00f3n) y como una nueva reserva del nuevo alojamiento. <\/p>\n\n<p><strong>Horarios de llegada y salida<\/strong>:<\/p>\n\n<p>El alojamiento puede ocuparse a partir de las 17:00 horas del d\u00eda de llegada y debe desalojarse a m\u00e1s tardar a las 11:00 horas del d\u00eda de salida.<\/p>\n\n<p>En casos excepcionales, es posible una llegada m\u00e1s temprana o una salida m\u00e1s tard\u00eda. Sin embargo, esto debe ser acordado previamente con Disfruta Conil.<\/p>\n\n<p><strong>Fumar<\/strong>:<\/p>\n\n<p>Tenga en cuenta que no est\u00e1 permitido fumar dentro del alojamiento. Por favor, utilice los jardines o las terrazas para este fin.<\/p>\n\n<p><strong>Otros<\/strong>:<\/p>\n\n<p>En raras ocasiones, puede haber cortes de electricidad, agua o Internet de corta duraci\u00f3n. Esto no es motivo de queja. Lo mismo ocurre con la aparici\u00f3n de hormigas u otras alima\u00f1as. En estos casos, hacemos todo lo posible para remediar la situaci\u00f3n lo antes posible.<\/p>\n\n<p>En caso de que se realicen obras de construcci\u00f3n en las inmediaciones de su alojamiento, que provoquen ruidos o polvo graves, Disfruta Conil tiene derecho a encontrarle un alojamiento alternativo de igual o mayor calidad. <\/p>\n\n<p>Los alojamientos con jard\u00edn o piscina requieren la visita peri\u00f3dica de los jardineros. Debe garantizarse que el personal tenga acceso. Normalmente, el personal no tiene d\u00edas ni horarios fijos para realizar el trabajo. No obstante, nos esforzamos por informarle de las visitas con antelaci\u00f3n.<\/p>\n\n<p>Nunca se permite que los ni\u00f1os est\u00e9n sin supervisi\u00f3n en la zona de la piscina o en las terrazas de la azotea.<\/p>\n\n<p>Disfruta Conil no se hace responsable de los accidentes de cualquier tipo durante su estancia.<\/p>\n\n<p>Tenga en cuenta que su equipaje no est\u00e1 asegurado durante su estancia. Es aconsejable contratar un seguro adecuado si no se dispone de \u00e9l.<\/p>\n\n<p><strong>El lugar de jurisdicci\u00f3n<\/strong> es Chiclana de la Frontera (C\u00e1diz).<\/p>\n\n<p><strong>Contacto<\/strong>:<\/p>\n\n<p>Disfruta Conil<\/p>\n\n<p>Avenida de la Libertad 6 Casa 8<\/p>\n\n<p>11140 Conil de la Frontera<\/p>\n\n<p>Telefon: +34 621 295 090<\/p>\n\n<p>Email: info@disfrutaconil.com<\/p>\n\n<p>\u00a9 Disfruta Conil<\/p>\n","protected":false},"excerpt":{"rendered":"<p>Contratante: La actividad de Disfruta Conil es la mediaci\u00f3n de alojamientos vacacionales para los respectivos propietarios. La relaci\u00f3n contractual es siempre entre el propietario y el inquilino. El alojamiento se proporciona al inquilino exclusivamente para su uso durante el per\u00edodo de viaje reservado. Condiciones de alquiler: Una vez recibida la confirmaci\u00f3n de la reserva por &hellip; <a href=\"https:\/\/www.disfrutaconil.com\/es\/condiciones\/\" class=\"more-link\">Continue reading<span class=\"screen-reader-text\"> &#8220;Condiciones&#8221;<\/span><\/a><\/p>\n","protected":false},"author":1,"featured_media":0,"parent":0,"menu_order":0,"comment_status":"closed","ping_status":"closed","template":"template-full-width-page.php","meta":{"inline_featured_image":false,"_monsterinsights_skip_tracking":false,"_monsterinsights_sitenote_active":false,"_monsterinsights_sitenote_note":"","_monsterinsights_sitenote_category":0},"aioseo_notices":[],"_links":{"self":[{"href":"https:\/\/www.disfrutaconil.com\/es\/wp-json\/wp\/v2\/pages\/2744"}],"collection":[{"href":"https:\/\/www.disfrutaconil.com\/es\/wp-json\/wp\/v2\/pages"}],"about":[{"href":"https:\/\/www.disfrutaconil.com\/es\/wp-json\/wp\/v2\/types\/page"}],"author":[{"embeddable":true,"href":"https:\/\/www.disfrutaconil.com\/es\/wp-json\/wp\/v2\/users\/1"}],"replies":[{"embeddable":true,"href":"https:\/\/www.disfrutaconil.com\/es\/wp-json\/wp\/v2\/comments?post=2744"}],"version-history":[{"count":10,"href":"https:\/\/www.disfrutaconil.com\/es\/wp-json\/wp\/v2\/pages\/2744\/revisions"}],"predecessor-version":[{"id":6507,"href":"https:\/\/www.disfrutaconil.com\/es\/wp-json\/wp\/v2\/pages\/2744\/revisions\/6507"}],"wp:attachment":[{"href":"https:\/\/www.disfrutaconil.com\/es\/wp-json\/wp\/v2\/media?parent=2744"}],"curies":[{"name":"wp","href":"https:\/\/api.w.org\/{rel}","templated":true}]}}