{"id":2590,"date":"2020-11-04T00:17:25","date_gmt":"2020-11-03T23:17:25","guid":{"rendered":"https:\/\/disfrutaconil.com\/index.php\/sobre\/"},"modified":"2023-06-07T10:48:09","modified_gmt":"2023-06-07T08:48:09","slug":"sobre-nosotros","status":"publish","type":"page","link":"https:\/\/www.disfrutaconil.com\/es\/sobre-nosotros\/","title":{"rendered":"Sobre nosotros"},"content":{"rendered":"\t\t<div data-elementor-type=\"wp-page\" data-elementor-id=\"2590\" class=\"elementor elementor-2590 elementor-210\">\n\t\t\t\t\t\t\t\t\t<section class=\"elementor-section elementor-top-section elementor-element elementor-element-8177b9b elementor-section-boxed elementor-section-height-default elementor-section-height-default\" data-id=\"8177b9b\" data-element_type=\"section\">\n\t\t\t\t\t\t<div class=\"elementor-container elementor-column-gap-default\">\n\t\t\t\t\t<div class=\"elementor-column elementor-col-33 elementor-top-column elementor-element elementor-element-2003bce\" data-id=\"2003bce\" data-element_type=\"column\">\n\t\t\t<div class=\"elementor-widget-wrap elementor-element-populated\">\n\t\t\t\t\t\t\t\t<div class=\"elementor-element elementor-element-e42d8ed elementor-widget elementor-widget-heading\" data-id=\"e42d8ed\" data-element_type=\"widget\" data-widget_type=\"heading.default\">\n\t\t\t\t<div class=\"elementor-widget-container\">\n\t\t\t<h6 class=\"elementor-heading-title elementor-size-default\">Jan Morgenstern<\/h6>\t\t<\/div>\n\t\t\t\t<\/div>\n\t\t\t\t\t<\/div>\n\t\t<\/div>\n\t\t\t\t<div class=\"elementor-column elementor-col-33 elementor-top-column elementor-element elementor-element-483e43d\" data-id=\"483e43d\" data-element_type=\"column\">\n\t\t\t<div class=\"elementor-widget-wrap elementor-element-populated\">\n\t\t\t\t\t\t\t\t<div class=\"elementor-element elementor-element-c3dc33c elementor-widget elementor-widget-text-editor\" data-id=\"c3dc33c\" data-element_type=\"widget\" data-widget_type=\"text-editor.default\">\n\t\t\t\t<div class=\"elementor-widget-container\">\n\t\t\t\t\t\t\t<p>Vine a Conil por primera vez en 1997. Fue m\u00e1s bien un favor que le hice a mi padre cuando me pidi\u00f3 que le acompa\u00f1ara en el viaje en su autocaravana para trasladar de Hamburgo a Conil unos cuantos muebles para su piso reci\u00e9n adquirido. En cuanto llegu\u00e9 a Conil, me enamor\u00e9 de este tranquilo pueblo y de su bello entorno y pas\u00e9 aqu\u00ed todas mis siguientes vacaciones anuales. En 2006, decid\u00ed emigrar a Andaluc\u00eda y no me he arrepentido hasta ahora. Adquir\u00ed experiencia en el alquiler de viviendas vacacionales durante 15 a\u00f1os hasta que en 2021 el tema del autoempleo se puso de actualidad y naci\u00f3 Disfruta Conil. Ahora me gustar\u00eda transmitir mi gran experiencia a mis propios clientes y espero poder ayudarles a pasar unas vacaciones inolvidables en un sentido positivo.<\/p><\/p>\n\t\t\t\t\t\t<\/div>\n\t\t\t\t<\/div>\n\t\t\t\t<div class=\"elementor-element elementor-element-6917da6 elementor-widget elementor-widget-image\" data-id=\"6917da6\" data-element_type=\"widget\" data-widget_type=\"image.default\">\n\t\t\t\t<div class=\"elementor-widget-container\">\n\t\t\t\t\t\t\t\t\t\t\t\t\t\t\t<img width=\"769\" height=\"532\" src=\"https:\/\/www.disfrutaconil.com\/wp-content\/uploads\/2023\/06\/IMG_5317-e1686127670372-1024x709.jpg\" class=\"attachment-large size-large\" alt=\"IMG_5317-e1686127670372-1024x709\" loading=\"lazy\" srcset=\"https:\/\/www.disfrutaconil.com\/wp-content\/uploads\/2023\/06\/IMG_5317-e1686127670372-1024x709.jpg 1024w, https:\/\/www.disfrutaconil.com\/wp-content\/uploads\/2023\/06\/IMG_5317-e1686127670372-300x208.jpg 300w, https:\/\/www.disfrutaconil.com\/wp-content\/uploads\/2023\/06\/IMG_5317-e1686127670372-768x532.jpg 768w, https:\/\/www.disfrutaconil.com\/wp-content\/uploads\/2023\/06\/IMG_5317-e1686127670372-1536x1063.jpg 1536w, https:\/\/www.disfrutaconil.com\/wp-content\/uploads\/2023\/06\/IMG_5317-e1686127670372-893x618.jpg 893w, https:\/\/www.disfrutaconil.com\/wp-content\/uploads\/2023\/06\/IMG_5317-e1686127670372.jpg 1920w\" sizes=\"(max-width: 769px) 100vw, 769px\" \/>\t\t\t\t\t\t\t\t\t\t\t\t\t\t\t<\/div>\n\t\t\t\t<\/div>\n\t\t\t\t\t<\/div>\n\t\t<\/div>\n\t\t\t\t<div class=\"elementor-column elementor-col-33 elementor-top-column elementor-element elementor-element-c7f20b5\" data-id=\"c7f20b5\" data-element_type=\"column\">\n\t\t\t<div class=\"elementor-widget-wrap elementor-element-populated\">\n\t\t\t\t\t\t\t\t<div class=\"elementor-element elementor-element-8152b94 elementor-widget elementor-widget-text-editor\" data-id=\"8152b94\" data-element_type=\"widget\" data-widget_type=\"text-editor.default\">\n\t\t\t\t<div class=\"elementor-widget-container\">\n\t\t\t\t\t\t\t\t\t\t\t\t\t<\/div>\n\t\t\t\t<\/div>\n\t\t\t\t\t<\/div>\n\t\t<\/div>\n\t\t\t\t\t\t\t<\/div>\n\t\t<\/section>\n\t\t\t\t<section class=\"elementor-section elementor-top-section elementor-element elementor-element-fa4f267 elementor-section-boxed elementor-section-height-default elementor-section-height-default\" data-id=\"fa4f267\" data-element_type=\"section\">\n\t\t\t\t\t\t<div class=\"elementor-container elementor-column-gap-default\">\n\t\t\t\t\t<div class=\"elementor-column elementor-col-100 elementor-top-column elementor-element elementor-element-b5304a7\" data-id=\"b5304a7\" data-element_type=\"column\">\n\t\t\t<div class=\"elementor-widget-wrap\">\n\t\t\t\t\t\t\t\t\t<\/div>\n\t\t<\/div>\n\t\t\t\t\t\t\t<\/div>\n\t\t<\/section>\n\t\t\t\t\t\t\t<\/div>\n\t\t","protected":false},"excerpt":{"rendered":"<p>The Hotel Albatross is the right choice for visitors who are searching for a combination of charm, peace, quiet and a convenient position from where to explore surroundings.<\/p>\n","protected":false},"author":1,"featured_media":0,"parent":0,"menu_order":0,"comment_status":"closed","ping_status":"closed","template":"template-full-width-page.php","meta":{"inline_featured_image":false,"_monsterinsights_skip_tracking":false,"_monsterinsights_sitenote_active":false,"_monsterinsights_sitenote_note":"","_monsterinsights_sitenote_category":0},"aioseo_notices":[],"_links":{"self":[{"href":"https:\/\/www.disfrutaconil.com\/es\/wp-json\/wp\/v2\/pages\/2590"}],"collection":[{"href":"https:\/\/www.disfrutaconil.com\/es\/wp-json\/wp\/v2\/pages"}],"about":[{"href":"https:\/\/www.disfrutaconil.com\/es\/wp-json\/wp\/v2\/types\/page"}],"author":[{"embeddable":true,"href":"https:\/\/www.disfrutaconil.com\/es\/wp-json\/wp\/v2\/users\/1"}],"replies":[{"embeddable":true,"href":"https:\/\/www.disfrutaconil.com\/es\/wp-json\/wp\/v2\/comments?post=2590"}],"version-history":[{"count":7,"href":"https:\/\/www.disfrutaconil.com\/es\/wp-json\/wp\/v2\/pages\/2590\/revisions"}],"predecessor-version":[{"id":10743,"href":"https:\/\/www.disfrutaconil.com\/es\/wp-json\/wp\/v2\/pages\/2590\/revisions\/10743"}],"wp:attachment":[{"href":"https:\/\/www.disfrutaconil.com\/es\/wp-json\/wp\/v2\/media?parent=2590"}],"curies":[{"name":"wp","href":"https:\/\/api.w.org\/{rel}","templated":true}]}}