{"id":2484,"date":"2017-06-09T14:12:15","date_gmt":"2017-06-09T12:12:15","guid":{"rendered":"https:\/\/disfrutaconil.com\/index.php\/home-3\/"},"modified":"2022-04-23T11:21:01","modified_gmt":"2022-04-23T09:21:01","slug":"home-3","status":"publish","type":"page","link":"https:\/\/www.disfrutaconil.com\/es\/","title":{"rendered":"Casas y apartamentos de vacaciones en la Costa de la Luz"},"content":{"rendered":"\t\t<div data-elementor-type=\"wp-page\" data-elementor-id=\"2484\" class=\"elementor elementor-2484 elementor-47\">\n\t\t\t\t\t\t\t\t\t<section class=\"elementor-section elementor-top-section elementor-element elementor-element-5a3cb639 elementor-section-boxed elementor-section-height-default elementor-section-height-default\" data-id=\"5a3cb639\" data-element_type=\"section\">\n\t\t\t\t\t\t<div class=\"elementor-container elementor-column-gap-default\">\n\t\t\t\t\t<div class=\"elementor-column elementor-col-100 elementor-top-column elementor-element elementor-element-53ba9516\" data-id=\"53ba9516\" data-element_type=\"column\">\n\t\t\t<div class=\"elementor-widget-wrap elementor-element-populated\">\n\t\t\t\t\t\t\t\t<div class=\"elementor-element elementor-element-21123ead elementor-widget elementor-widget-text-editor\" data-id=\"21123ead\" data-element_type=\"widget\" data-widget_type=\"text-editor.default\">\n\t\t\t\t<div class=\"elementor-widget-container\">\n\t\t\t\t\t\t\t<div class=\"mphb_sc_search-wrapper \"><form method=\"GET\" class=\"mphb_sc_search-form\" action=\"https:\/\/www.disfrutaconil.com\/es\/buscar\/\">\n\n\t<p class = \"mphb-required-fields-tip\">\n\t<small>\n\t\tLos campos obligatorios van seguidos de\t\t<abbr title=\"required\">*<\/abbr>\n\t<\/small>\n<\/p>\n\t<p class=\"mphb_sc_search-check-in-date\">\n\t\t<label for=\"mphb_check_in_date-mphb-search-form-69fb201241aeb\">\n\t\t\tD\u00eda de llegada\t\t\t<abbr title=\"Formato dd.mm.yyyy\">*<\/abbr>\n\t\t<\/label>\n\t\t<br \/>\n\t\t<input\n\t\t\tid=\"mphb_check_in_date-mphb-search-form-69fb201241aeb\"\n\t\t\tdata-datepick-group=\"mphb-search-form-69fb201241aeb\"\n\t\t\tvalue=\"\"\n\t\t\tplaceholder=\"Fecha de llegada\"\n\t\t\trequired=\"required\"\n\t\t\ttype=\"text\"\n\t\t\tinputmode=\"none\"\n\t\t\tname=\"mphb_check_in_date\"\n\t\t\tclass=\"mphb-datepick\"\n\t\t\tautocomplete=\"off\"\n\t\t\t\/>\n\t<\/p>\n\n\t<p class=\"mphb_sc_search-check-out-date\">\n\t\t<label for=\"mphb_check_out_date-mphb-search-form-69fb201241aeb\">\n\t\t\tD\u00eda de salida\t\t\t<abbr title=\"Formato dd.mm.yyyy\">*<\/abbr>\n\t\t<\/label>\n\t\t<br \/>\n\t\t<input\n\t\t\tid=\"mphb_check_out_date-mphb-search-form-69fb201241aeb\"\n\t\t\tdata-datepick-group=\"mphb-search-form-69fb201241aeb\"\n\t\t\tvalue=\"\"\n\t\t\tplaceholder=\"Fecha de salida\"\n\t\t\trequired=\"required\"\n\t\t\ttype=\"text\"\n\t\t\tinputmode=\"none\"\n\t\t\tname=\"mphb_check_out_date\"\n\t\t\tclass=\"mphb-datepick\"\n\t\t\tautocomplete=\"off\"\n\t\t\t\/>\n\t<\/p>\n\n\t\t\t<p class=\"mphb_sc_search-adults\">\n\t\t\t<label for=\"mphb_adults-mphb-search-form-69fb201241aeb\">\n\t\t\t\tAdultos\t\t\t<\/label>\n\t\t\t<br \/>\n\t\t\t<select id=\"mphb_adults-mphb-search-form-69fb201241aeb\" name=\"mphb_adults\" >\n\t\t\t\t\t\t\t\t\t<option value=\"1\"  selected='selected'>1<\/option>\n\t\t\t\t\t\t\t\t\t<option value=\"2\" >2<\/option>\n\t\t\t\t\t\t\t\t\t<option value=\"3\" >3<\/option>\n\t\t\t\t\t\t\t\t\t<option value=\"4\" >4<\/option>\n\t\t\t\t\t\t\t\t\t<option value=\"5\" >5<\/option>\n\t\t\t\t\t\t\t\t\t<option value=\"6\" >6<\/option>\n\t\t\t\t\t\t\t\t\t<option value=\"7\" >7<\/option>\n\t\t\t\t\t\t\t\t\t<option value=\"8\" >8<\/option>\n\t\t\t\t\t\t\t\t\t<option value=\"9\" >9<\/option>\n\t\t\t\t\t\t\t\t\t<option value=\"10\" >10<\/option>\n\t\t\t\t\t\t\t\t\t<option value=\"11\" >11<\/option>\n\t\t\t\t\t\t\t\t\t<option value=\"12\" >12<\/option>\n\t\t\t\t\t\t\t\t\t<option value=\"13\" >13<\/option>\n\t\t\t\t\t\t\t\t\t<option value=\"14\" >14<\/option>\n\t\t\t\t\t\t\t\t\t<option value=\"15\" >15<\/option>\n\t\t\t\t\t\t\t\t\t<option value=\"16\" >16<\/option>\n\t\t\t\t\t\t\t\t\t<option value=\"17\" >17<\/option>\n\t\t\t\t\t\t\t\t\t<option value=\"18\" >18<\/option>\n\t\t\t\t\t\t\t\t\t<option value=\"19\" >19<\/option>\n\t\t\t\t\t\t\t\t\t<option value=\"20\" >20<\/option>\n\t\t\t\t\t\t\t\t\t<option value=\"21\" >21<\/option>\n\t\t\t\t\t\t\t\t\t<option value=\"22\" >22<\/option>\n\t\t\t\t\t\t\t\t\t<option value=\"23\" >23<\/option>\n\t\t\t\t\t\t\t\t\t<option value=\"24\" >24<\/option>\n\t\t\t\t\t\t\t\t\t<option value=\"25\" >25<\/option>\n\t\t\t\t\t\t\t\t\t<option value=\"26\" >26<\/option>\n\t\t\t\t\t\t\t\t\t<option value=\"27\" >27<\/option>\n\t\t\t\t\t\t\t\t\t<option value=\"28\" >28<\/option>\n\t\t\t\t\t\t\t\t\t<option value=\"29\" >29<\/option>\n\t\t\t\t\t\t\t\t\t<option value=\"30\" >30<\/option>\n\t\t\t\t\t\t\t<\/select>\n\t\t<\/p>\n\t\n\t\t\t<p class=\"mphb_sc_search-children\">\n\t\t\t<label for=\"mphb_children-mphb-search-form-69fb201241aeb\">\n\t\t\t\tNi\u00f1os\t\t\t<\/label>\n\t\t\t<br \/>\n\t\t\t<select id=\"mphb_children-mphb-search-form-69fb201241aeb\" name=\"mphb_children\">\n\t\t\t\t\t\t\t\t\t<option value=\"0\"  selected='selected'>0<\/option>\n\t\t\t\t\t\t\t\t\t<option value=\"1\" >1<\/option>\n\t\t\t\t\t\t\t\t\t<option value=\"2\" >2<\/option>\n\t\t\t\t\t\t\t\t\t<option value=\"3\" >3<\/option>\n\t\t\t\t\t\t\t\t\t<option value=\"4\" >4<\/option>\n\t\t\t\t\t\t\t\t\t<option value=\"5\" >5<\/option>\n\t\t\t\t\t\t\t\t\t<option value=\"6\" >6<\/option>\n\t\t\t\t\t\t\t\t\t<option value=\"7\" >7<\/option>\n\t\t\t\t\t\t\t\t\t<option value=\"8\" >8<\/option>\n\t\t\t\t\t\t\t\t\t<option value=\"9\" >9<\/option>\n\t\t\t\t\t\t\t\t\t<option value=\"10\" >10<\/option>\n\t\t\t\t\t\t\t<\/select>\n\t\t<\/p>\n\t\n\t\n\t\n\t<input id=\"mphb_check_in_date-mphb-search-form-69fb201241aeb-hidden\" value=\"\" type=\"hidden\" name=\"mphb_check_in_date\" \/><input id=\"mphb_check_out_date-mphb-search-form-69fb201241aeb-hidden\" value=\"\" type=\"hidden\" name=\"mphb_check_out_date\" \/>\n\t<p class=\"mphb_sc_search-submit-button-wrapper\">\n\t\t<input type=\"submit\" class=\"button\" value=\"Buscar\"\/>\n\t<\/p>\n\n\t\n<\/form>\n<\/div>\n\t\t\t\t\t\t<\/div>\n\t\t\t\t<\/div>\n\t\t\t\t\t<\/div>\n\t\t<\/div>\n\t\t\t\t\t\t\t<\/div>\n\t\t<\/section>\n\t\t\t\t<section class=\"elementor-section elementor-top-section elementor-element elementor-element-269d4ba elementor-section-boxed elementor-section-height-default elementor-section-height-default\" data-id=\"269d4ba\" data-element_type=\"section\">\n\t\t\t\t\t\t<div class=\"elementor-container elementor-column-gap-default\">\n\t\t\t\t\t<div class=\"elementor-column elementor-col-100 elementor-top-column elementor-element elementor-element-7584bce\" data-id=\"7584bce\" data-element_type=\"column\">\n\t\t\t<div class=\"elementor-widget-wrap elementor-element-populated\">\n\t\t\t\t\t\t\t\t<div class=\"elementor-element elementor-element-7ab0343 stratum-navigation-bullets-squared stratum-swiper-direction-horizontal stratum-navigation-arrow-position-inside elementor-widget elementor-widget-stratum-advanced-slider\" data-id=\"7ab0343\" data-element_type=\"widget\" data-settings=\"{&quot;columns_count&quot;:&quot;3&quot;,&quot;slides_to_scroll&quot;:&quot;3&quot;,&quot;columns_count_tablet&quot;:&quot;1&quot;,&quot;columns_count_mobile&quot;:&quot;1&quot;,&quot;slides_in_columns&quot;:&quot;1&quot;,&quot;slides_in_columns_tablet&quot;:&quot;1&quot;,&quot;slides_in_columns_mobile&quot;:&quot;1&quot;,&quot;slides_to_scroll_tablet&quot;:&quot;1&quot;,&quot;slides_to_scroll_mobile&quot;:&quot;1&quot;,&quot;slider_direction&quot;:&quot;horizontal&quot;,&quot;navigation&quot;:&quot;both&quot;,&quot;pagination_style&quot;:&quot;bullets&quot;,&quot;slide_effects&quot;:&quot;slide&quot;,&quot;animation_speed&quot;:300}\" data-widget_type=\"stratum-advanced-slider.default\">\n\t\t\t\t<div class=\"elementor-widget-container\">\n\t\t\t<div class=\"stratum-advanced-slider stratum-effect-taurus\" data-slider-options=\"{&quot;slidesPerView&quot;:3,&quot;slidesPerColumn&quot;:1,&quot;slidesPerColumnFill&quot;:&quot;row&quot;,&quot;slidesPerGroup&quot;:3,&quot;direction&quot;:&quot;horizontal&quot;,&quot;autoHeight&quot;:false,&quot;keyboard&quot;:false,&quot;mousewheel&quot;:false,&quot;centeredSlides&quot;:false,&quot;spaceBetween&quot;:2,&quot;freeMode&quot;:false,&quot;effect&quot;:&quot;slide&quot;,&quot;autoplay&quot;:false,&quot;autoplayPause&quot;:false,&quot;loop&quot;:false,&quot;speed&quot;:300,&quot;allowTouchMove&quot;:false,&quot;textAnimationDelay&quot;:500,&quot;coverflow_visible&quot;:false,&quot;responsive&quot;:{&quot;slidesPerView_tablet&quot;:1,&quot;slidesPerView_mobile&quot;:1,&quot;slidesPerColumn_tablet&quot;:1,&quot;slidesPerColumn_mobile&quot;:1,&quot;slidesPerGroup_tablet&quot;:1,&quot;slidesPerGroup_mobile&quot;:1,&quot;spaceBetween_tablet&quot;:0,&quot;spaceBetween_mobile&quot;:0},&quot;navigation&quot;:true,&quot;pagination&quot;:{&quot;el&quot;:&quot;.swiper-pagination&quot;,&quot;type&quot;:&quot;bullets&quot;,&quot;clickable&quot;:true,&quot;dynamicBullets&quot;:false}}\">\r\n\t<div class=\"swiper-container\">\r\n\t\t<div class=\"swiper-wrapper\">\r\n\t\t\t\t\t\t\t<div class=\"swiper-slide elementor-repeater-item-1ad1e3e\">\r\n\t\t\t\t\t<div class=\"stratum-advanced-slider__image\" style=\"background-image: url('https:\/\/www.disfrutaconil.com\/wp-content\/uploads\/2021\/10\/P1000804-768x576.jpg'); \"><\/div>\r\n\t\t\t\t\t<div class=\"stratum-advanced-slider__slide-content\">\r\n\t\t\t\t\t\t<div class=\"stratum-advanced-slider__slide-wrapper\">\r\n\t\t\t\t\t\t\t<div class=\"stratum-advanced-slider__slide-container\">\r\n\t\t\t\t\t\t\t\t\t\t\t\t\t\t\t<div class=\"stratum-advanced-slider__sub-title\">\r\n\t\t\t\t\t\t\t\t\tRegion\t\t\t\t\t\t\t\t<\/div>\r\n\t\t\t\t\t\t\t\t\t\t\t\t\t\t\t\t<h3 class=\"stratum-advanced-slider__title\">\r\n\t\t\t\t\t\t\t\t\tConil Pueblo\t\t\t\t\t\t\t\t<\/h3>\r\n\t\t\t\t\t\t\t\t\t\t\t\t\t\t\t<div class=\"stratum-advanced-slider__description\">\r\n\t\t\t\t\t\t\t\t\tUno de los famosos pueblos blancos de Andaluc\u00eda directamente en el Oc\u00e9ano Atl\u00e1ntico\t\t\t\t\t\t\t\t<\/div>\r\n\t\t\t\t\t\t\t\t\t\t\t\t\t\t\t<div class=\"stratum-advanced-slider__button\">\r\n\t\t\t\t\t\t\t\t\t<a href=\"\/es\/accommodation-category\/conil-pueblo\/\"  >Alojamientos Conil Pueblo<\/a>\r\n\t\t\t\t\t\t\t\t<\/div>\r\n\t\t\t\t\t\t\t\t\t\t\t\t\t\t<\/div>\r\n\t\t\t\t\t\t<\/div>\r\n\t\t\t\t\t<\/div>\r\n\t\t\t\t\t<div class=\"stratum-advanced-slider__overlay\"><\/div>\r\n\t\t\t\t<\/div>\r\n\t\t\t\t\t\t\t<div class=\"swiper-slide elementor-repeater-item-7d858a3\">\r\n\t\t\t\t\t<div class=\"stratum-advanced-slider__image\" style=\"background-image: url('https:\/\/www.disfrutaconil.com\/wp-content\/uploads\/2021\/10\/Conil-Umland-768x894.jpeg'); \"><\/div>\r\n\t\t\t\t\t<div class=\"stratum-advanced-slider__slide-content\">\r\n\t\t\t\t\t\t<div class=\"stratum-advanced-slider__slide-wrapper\">\r\n\t\t\t\t\t\t\t<div class=\"stratum-advanced-slider__slide-container\">\r\n\t\t\t\t\t\t\t\t\t\t\t\t\t\t\t<div class=\"stratum-advanced-slider__sub-title\">\r\n\t\t\t\t\t\t\t\t\tRegion\t\t\t\t\t\t\t\t<\/div>\r\n\t\t\t\t\t\t\t\t\t\t\t\t\t\t\t\t<h3 class=\"stratum-advanced-slider__title\">\r\n\t\t\t\t\t\t\t\t\tConil Campo\t\t\t\t\t\t\t\t<\/h3>\r\n\t\t\t\t\t\t\t\t\t\t\t\t\t\t\t<div class=\"stratum-advanced-slider__description\">\r\n\t\t\t\t\t\t\t\t\tLa zona rural alrededor de Conil\t\t\t\t\t\t\t\t<\/div>\r\n\t\t\t\t\t\t\t\t\t\t\t\t\t\t\t<div class=\"stratum-advanced-slider__button\">\r\n\t\t\t\t\t\t\t\t\t<a href=\"\/es\/accommodation-category\/conil-campo\/\"  >Alojamientos Conil Campo<\/a>\r\n\t\t\t\t\t\t\t\t<\/div>\r\n\t\t\t\t\t\t\t\t\t\t\t\t\t\t<\/div>\r\n\t\t\t\t\t\t<\/div>\r\n\t\t\t\t\t<\/div>\r\n\t\t\t\t\t<div class=\"stratum-advanced-slider__overlay\"><\/div>\r\n\t\t\t\t<\/div>\r\n\t\t\t\t\t\t\t<div class=\"swiper-slide elementor-repeater-item-9d9975f\">\r\n\t\t\t\t\t<div class=\"stratum-advanced-slider__image\" style=\"background-image: url('https:\/\/www.disfrutaconil.com\/wp-content\/uploads\/2021\/10\/Alondra_20-768x432.jpg'); \"><\/div>\r\n\t\t\t\t\t<div class=\"stratum-advanced-slider__slide-content\">\r\n\t\t\t\t\t\t<div class=\"stratum-advanced-slider__slide-wrapper\">\r\n\t\t\t\t\t\t\t<div class=\"stratum-advanced-slider__slide-container\">\r\n\t\t\t\t\t\t\t\t\t\t\t\t\t\t\t<div class=\"stratum-advanced-slider__sub-title\">\r\n\t\t\t\t\t\t\t\t\tRegion\t\t\t\t\t\t\t\t<\/div>\r\n\t\t\t\t\t\t\t\t\t\t\t\t\t\t\t\t<h3 class=\"stratum-advanced-slider__title\">\r\n\t\t\t\t\t\t\t\t\tResidencial Roche\t\t\t\t\t\t\t\t<\/h3>\r\n\t\t\t\t\t\t\t\t\t\t\t\t\t\t\t<div class=\"stratum-advanced-slider__description\">\r\n\t\t\t\t\t\t\t\t\tElegante urbanizaci\u00f3n de chalets cerca de Conil con kil\u00f3metros de playa de arena\t\t\t\t\t\t\t\t<\/div>\r\n\t\t\t\t\t\t\t\t\t\t\t\t\t\t\t<div class=\"stratum-advanced-slider__button\">\r\n\t\t\t\t\t\t\t\t\t<a href=\"\/es\/accommodation-category\/residencial-roche-es\/\"  >Alojamientos Residencial Roche<\/a>\r\n\t\t\t\t\t\t\t\t<\/div>\r\n\t\t\t\t\t\t\t\t\t\t\t\t\t\t<\/div>\r\n\t\t\t\t\t\t<\/div>\r\n\t\t\t\t\t<\/div>\r\n\t\t\t\t\t<div class=\"stratum-advanced-slider__overlay\"><\/div>\r\n\t\t\t\t<\/div>\r\n\t\t\t\t\t\t\t<div class=\"swiper-slide elementor-repeater-item-7c785ca\">\r\n\t\t\t\t\t<div class=\"stratum-advanced-slider__image\" style=\"background-image: url('https:\/\/www.disfrutaconil.com\/wp-content\/uploads\/2021\/10\/P1000794-768x576.jpg'); \"><\/div>\r\n\t\t\t\t\t<div class=\"stratum-advanced-slider__slide-content\">\r\n\t\t\t\t\t\t<div class=\"stratum-advanced-slider__slide-wrapper\">\r\n\t\t\t\t\t\t\t<div class=\"stratum-advanced-slider__slide-container\">\r\n\t\t\t\t\t\t\t\t\t\t\t\t\t\t\t<div class=\"stratum-advanced-slider__sub-title\">\r\n\t\t\t\t\t\t\t\t\tRegion\t\t\t\t\t\t\t\t<\/div>\r\n\t\t\t\t\t\t\t\t\t\t\t\t\t\t\t\t<h3 class=\"stratum-advanced-slider__title\">\r\n\t\t\t\t\t\t\t\t\tZahora\t\t\t\t\t\t\t\t<\/h3>\r\n\t\t\t\t\t\t\t\t\t\t\t\t\t\t\t<div class=\"stratum-advanced-slider__description\">\r\n\t\t\t\t\t\t\t\t\tZona de vacaciones muy familiar con hermosas playas de arena\t\t\t\t\t\t\t\t<\/div>\r\n\t\t\t\t\t\t\t\t\t\t\t\t\t\t\t<div class=\"stratum-advanced-slider__button\">\r\n\t\t\t\t\t\t\t\t\t<a href=\"\/es\/accommodation-category\/zahora-es\/\"  >Alojamientos Zahora<\/a>\r\n\t\t\t\t\t\t\t\t<\/div>\r\n\t\t\t\t\t\t\t\t\t\t\t\t\t\t<\/div>\r\n\t\t\t\t\t\t<\/div>\r\n\t\t\t\t\t<\/div>\r\n\t\t\t\t\t<div class=\"stratum-advanced-slider__overlay\"><\/div>\r\n\t\t\t\t<\/div>\r\n\t\t\t\t\t\t\t<div class=\"swiper-slide elementor-repeater-item-cef1117\">\r\n\t\t\t\t\t<div class=\"stratum-advanced-slider__image\" style=\"background-image: url('https:\/\/www.disfrutaconil.com\/wp-content\/uploads\/2021\/10\/P1000646-768x576.jpg'); \"><\/div>\r\n\t\t\t\t\t<div class=\"stratum-advanced-slider__slide-content\">\r\n\t\t\t\t\t\t<div class=\"stratum-advanced-slider__slide-wrapper\">\r\n\t\t\t\t\t\t\t<div class=\"stratum-advanced-slider__slide-container\">\r\n\t\t\t\t\t\t\t\t\t\t\t\t\t\t\t<div class=\"stratum-advanced-slider__sub-title\">\r\n\t\t\t\t\t\t\t\t\tRegion\t\t\t\t\t\t\t\t<\/div>\r\n\t\t\t\t\t\t\t\t\t\t\t\t\t\t\t\t<h3 class=\"stratum-advanced-slider__title\">\r\n\t\t\t\t\t\t\t\t\tFuente del Gallo\t\t\t\t\t\t\t\t<\/h3>\r\n\t\t\t\t\t\t\t\t\t\t\t\t\t\t\t<div class=\"stratum-advanced-slider__description\">\r\n\t\t\t\t\t\t\t\t\tUrbanizaci\u00f3n de chalets muy bien cuidada a s\u00f3lo unos 2,5 kil\u00f3metros de Conil\t\t\t\t\t\t\t\t<\/div>\r\n\t\t\t\t\t\t\t\t\t\t\t\t\t\t\t<div class=\"stratum-advanced-slider__button\">\r\n\t\t\t\t\t\t\t\t\t<a href=\"\/es\/accommodation-category\/fuente-del-gallo-es\/\" target=\"_blank\"  >Alojamientos Fuente del Gallo<\/a>\r\n\t\t\t\t\t\t\t\t<\/div>\r\n\t\t\t\t\t\t\t\t\t\t\t\t\t\t<\/div>\r\n\t\t\t\t\t\t<\/div>\r\n\t\t\t\t\t<\/div>\r\n\t\t\t\t\t<div class=\"stratum-advanced-slider__overlay\"><\/div>\r\n\t\t\t\t<\/div>\r\n\t\t\t\t\t\t\t<div class=\"swiper-slide elementor-repeater-item-52b7737\">\r\n\t\t\t\t\t<div class=\"stratum-advanced-slider__image\" style=\"background-image: url('https:\/\/www.disfrutaconil.com\/wp-content\/uploads\/2022\/04\/IMG_8223-768x576.jpg'); \"><\/div>\r\n\t\t\t\t\t<div class=\"stratum-advanced-slider__slide-content\">\r\n\t\t\t\t\t\t<div class=\"stratum-advanced-slider__slide-wrapper\">\r\n\t\t\t\t\t\t\t<div class=\"stratum-advanced-slider__slide-container\">\r\n\t\t\t\t\t\t\t\t\t\t\t\t\t\t\t<div class=\"stratum-advanced-slider__sub-title\">\r\n\t\t\t\t\t\t\t\t\tRegion\t\t\t\t\t\t\t\t<\/div>\r\n\t\t\t\t\t\t\t\t\t\t\t\t\t\t\t\t<h3 class=\"stratum-advanced-slider__title\">\r\n\t\t\t\t\t\t\t\t\tVejer y alrededores\t\t\t\t\t\t\t\t<\/h3>\r\n\t\t\t\t\t\t\t\t\t\t\t\t\t\t\t<div class=\"stratum-advanced-slider__description\">\r\n\t\t\t\t\t\t\t\t\tUno de los pueblos blancos m\u00e1s bonitos y famosos de la Costa de la Luz\t\t\t\t\t\t\t\t<\/div>\r\n\t\t\t\t\t\t\t\t\t\t\t\t\t\t\t<div class=\"stratum-advanced-slider__button\">\r\n\t\t\t\t\t\t\t\t\t<a href=\"\/es\/accommodation-category\/vejer-y-alrededores-es\/\" target=\"_blank\"  >Alojamientos Vejer y alrededores<\/a>\r\n\t\t\t\t\t\t\t\t<\/div>\r\n\t\t\t\t\t\t\t\t\t\t\t\t\t\t<\/div>\r\n\t\t\t\t\t\t<\/div>\r\n\t\t\t\t\t<\/div>\r\n\t\t\t\t\t<div class=\"stratum-advanced-slider__overlay\"><\/div>\r\n\t\t\t\t<\/div>\r\n\t\t\t\t\t<\/div>\r\n\t\t\t\t\t\t<div class=\"swiper-pagination\"><\/div>\r\n\t\t\t\t<\/div>\r\n\r\n\t\t\t<div class=\"stratum-swiper-button-prev\"><\/div>\r\n\t\t<div class=\"stratum-swiper-button-next\"><\/div>\r\n\t<\/div>\r\n\t\t<\/div>\n\t\t\t\t<\/div>\n\t\t\t\t\t<\/div>\n\t\t<\/div>\n\t\t\t\t\t\t\t<\/div>\n\t\t<\/section>\n\t\t\t\t\t\t\t<\/div>\n\t\t","protected":false},"excerpt":{"rendered":"","protected":false},"author":1,"featured_media":0,"parent":0,"menu_order":0,"comment_status":"closed","ping_status":"closed","template":"template-front-page.php","meta":{"inline_featured_image":false,"_monsterinsights_skip_tracking":false,"_monsterinsights_sitenote_active":false,"_monsterinsights_sitenote_note":"","_monsterinsights_sitenote_category":0},"aioseo_notices":[],"_links":{"self":[{"href":"https:\/\/www.disfrutaconil.com\/es\/wp-json\/wp\/v2\/pages\/2484"}],"collection":[{"href":"https:\/\/www.disfrutaconil.com\/es\/wp-json\/wp\/v2\/pages"}],"about":[{"href":"https:\/\/www.disfrutaconil.com\/es\/wp-json\/wp\/v2\/types\/page"}],"author":[{"embeddable":true,"href":"https:\/\/www.disfrutaconil.com\/es\/wp-json\/wp\/v2\/users\/1"}],"replies":[{"embeddable":true,"href":"https:\/\/www.disfrutaconil.com\/es\/wp-json\/wp\/v2\/comments?post=2484"}],"version-history":[{"count":65,"href":"https:\/\/www.disfrutaconil.com\/es\/wp-json\/wp\/v2\/pages\/2484\/revisions"}],"predecessor-version":[{"id":6706,"href":"https:\/\/www.disfrutaconil.com\/es\/wp-json\/wp\/v2\/pages\/2484\/revisions\/6706"}],"wp:attachment":[{"href":"https:\/\/www.disfrutaconil.com\/es\/wp-json\/wp\/v2\/media?parent=2484"}],"curies":[{"name":"wp","href":"https:\/\/api.w.org\/{rel}","templated":true}]}}